{"id":686,"date":"2025-08-20T09:22:26","date_gmt":"2025-08-20T07:22:26","guid":{"rendered":"https:\/\/5010studio.com\/?page_id=686"},"modified":"2025-08-20T10:37:06","modified_gmt":"2025-08-20T08:37:06","slug":"privacy-policy-2","status":"publish","type":"page","link":"https:\/\/5010studio.com\/index.php\/privacy-policy-2\/","title":{"rendered":""},"content":{"rendered":"\t\t<div data-elementor-type=\"wp-page\" data-elementor-id=\"686\" class=\"elementor elementor-686\">\n\t\t\t\t<div class=\"elementor-element elementor-element-4c37781 e-flex e-con-boxed e-con e-parent\" data-id=\"4c37781\" data-element_type=\"container\">\n\t\t\t\t\t<div class=\"e-con-inner\">\n\t\t\t\t<div class=\"elementor-element elementor-element-670cef3 elementor-widget elementor-widget-text-editor\" data-id=\"670cef3\" data-element_type=\"widget\" data-widget_type=\"text-editor.default\">\n\t\t\t\t<div class=\"elementor-widget-container\">\n\t\t\t\t\t\t\t<p><b><strong>POLITYKA PRYWATNO\u015aCI<\/strong><\/b><\/p>\n<p><span style=\"text-align: center;\">Niniejsza Polityka stanowi podstawow\u0105 informacj\u0119 o celach, sposobach przetwarzania oraz bezpiecze\u0144stwie Twoich danych osobowych, jako u\u017cytkownika strony: 5010studio.com (zwanej dalej Stron\u0105). Zapoznaj\u0105c si\u0119 z Polityk\u0105 prywatno\u015bci dowiesz si\u0119 kto jest administratorem Twoich danych osobowych, jakie dane osobowe s\u0105 przez Stron\u0119 zbierane, w jakich celach s\u0105 wykorzystywane oraz jak s\u0105 chronione.<\/span><\/p><p><b style=\"text-align: center;\"><strong>\u00a71&nbsp;<\/strong><\/b><b style=\"text-align: center;\"><strong>Informacje&nbsp;<\/strong><\/b><b style=\"text-align: center;\"><strong>podstawowe<\/strong><\/b><\/p>\n<p><span style=\"font-weight: 400;\">Administratorem Twoich danych osobowych jest: jest sp\u00f3\u0142ka 5010 studio sp. z o. o. z siedziba w Gda\u0144sku przy ul. Jana Heweliusza 11 lok. 811. Mo\u017cesz si\u0119 z nami skontaktowa\u0107 pod adresem email: contact@5010studio.com.<br><\/span><b><strong><br><\/strong><\/b><b><strong>\u00a72&nbsp;<\/strong><\/b><b><strong>Zasady przetwarzania danych<\/strong><\/b><\/p>\n<p><span style=\"font-weight: 400;\">1.&nbsp;<\/span><span style=\"font-weight: 400;\">Administrator przetwarza dane osobowe z poszanowaniem nast\u0119puj\u0105cych zasad:<br><\/span><span style=\"font-weight: 400;\">1)&nbsp;&nbsp;&nbsp;&nbsp;<\/span><span style=\"font-weight: 400;\">w oparciu o podstaw\u0119 prawn\u0105 i zgodnie z prawem (legalizm);<br><\/span><span style=\"font-weight: 400;\">2)&nbsp;&nbsp;&nbsp;&nbsp;<\/span><span style=\"font-weight: 400;\">rzetelnie i uczciwie (rzetelno\u015b\u0107);<br><\/span><span style=\"font-weight: 400;\">3)&nbsp;&nbsp;&nbsp;&nbsp;<\/span><span style=\"font-weight: 400;\">w spos\u00f3b przejrzysty dla osoby, kt\u00f3rej dane dotycz\u0105 (transparentno\u015b\u0107);<br><\/span><span style=\"font-weight: 400;\">4)&nbsp;&nbsp;&nbsp;&nbsp;<\/span><span style=\"font-weight: 400;\">w konkretnych celach i nie \u201ena zapas\u201d (minimalizacja);<br><\/span><span style=\"font-weight: 400;\">5)&nbsp;&nbsp;&nbsp;&nbsp;<\/span><span style=\"font-weight: 400;\">nie wi\u0119cej ni\u017c potrzeba (adekwatno\u015b\u0107);<br><\/span><span style=\"font-weight: 400;\">6)&nbsp;&nbsp;&nbsp;&nbsp;<\/span><span style=\"font-weight: 400;\">z dba\u0142o\u015bci\u0105 o prawid\u0142owo\u015b\u0107 danych (prawid\u0142owo\u015b\u0107);<br><\/span><span style=\"font-weight: 400;\">7)&nbsp;&nbsp;&nbsp;&nbsp;<\/span><span style=\"font-weight: 400;\">nie d\u0142u\u017cej ni\u017c potrzeba (czasowo\u015b\u0107);<br><\/span><span style=\"font-weight: 400;\">8)&nbsp;&nbsp;&nbsp;&nbsp;<\/span><span style=\"font-weight: 400;\">zapewniaj\u0105c odpowiednie bezpiecze\u0144stwo danych (bezpiecze\u0144stwo).<br><\/span><b><strong><br><\/strong><\/b><b><strong>\u00a73&nbsp;<\/strong><\/b><b><strong>Cele, podstawy prawne i&nbsp;<\/strong><\/b><b><strong>zakres przetwarzania danych<\/strong><\/b><\/p>\n<p><span style=\"font-weight: 400;\">1.<\/span><span style=\"font-weight: 400;\">Twoje dane b\u0119dziemy przetwarza\u0107:<br><\/span><span style=\"font-weight: 400;\">1)&nbsp;<\/span><span style=\"font-weight: 400;\">w celach kontaktowych, aby udzieli\u0107 Ci odpowiedzi na Twoj\u0105 wiadomo\u015b\u0107 przes\u0142an\u0105 nam bezpo\u015brednio drog\u0105 e-mailow\u0105, za po\u015brednictwem formularza, za po\u015brednictwem kana\u0142u Social Media lub w odpowiedzi na kontakt telefoniczny na podstawie realizacji prawnie uzasadnionego interesu Administratora zwi\u0105zanego z konieczno\u015bci\u0105 udzielenia Ci odpowiedzi;<br><\/span><span style=\"font-weight: 400;\">2)&nbsp;<\/span><span style=\"font-weight: 400;\">w celach marketingowych, wy\u0142\u0105cznie na podstawie udzielonej przez Ciebie zgody;<br><\/span><span style=\"font-weight: 400;\">3)&nbsp;<\/span><span style=\"font-weight: 400;\">w celach informacyjnych, aby przekazywa\u0107 Ci&nbsp;wa\u017cne informacje dotycz\u0105ce us\u0142ug, z kt\u00f3rych korzystasz za po\u015brednictwem naszej&nbsp;Strony;<br><\/span><span style=\"font-weight: 400;\">4)&nbsp;<\/span><span style=\"font-weight: 400;\">w celach zwi\u0105zanych z prowadzeniem przez nas profilu firmowego w mediach spo\u0142eczno\u015bciowych (takich jak Facebook \/ Instagram) na zasadach okre\u015blonych przez w\u0142a\u015bcicieli danego<br>medium (portalu) i informowania w nim, o naszych produktach, promocjach i innych wiadomo\u015bciach dotycz\u0105cych naszej dzia\u0142alno\u015bci, co uwa\u017camy za nasz prawnie uzasadniony interes;<br><\/span><span style=\"font-weight: 400;\">medium (portalu) i informowania w nim, o naszych produktach, promocjach i innych wiadomo\u015bciach dotycz\u0105cych naszej dzia\u0142alno\u015bci, co uwa\u017camy za nasz prawnie uzasadniony interes;<br><\/span><span style=\"font-weight: 400;\">5)&nbsp;<\/span><span style=\"font-weight: 400;\">w celach technicznych przy u\u017cyciu plik\u00f3w cookies (ciasteczka techniczne), na podstawie realizacji prawnie uzasadnionego interesu Administratora, zwi\u0105zanego z prawid\u0142owym dzia\u0142aniem i funkcjonowaniem Strony;<br><\/span><span style=\"font-weight: 400;\">6)&nbsp;<\/span><span style=\"font-weight: 400;\">w celach statystycznych i analitycznych, je\u015bli wyrazi\u0142e\u015b zgod\u0119 na wykorzystanie przez nas plik\u00f3w cookies do cel\u00f3w analitycznych (ciasteczka analityczne);<br><\/span><span style=\"font-weight: 400;\">7)&nbsp;<\/span><span style=\"font-weight: 400;\">w celach marketingowych, je\u015bli wyrazi\u0142e\u015b zgod\u0119 na wykorzystanie przez nas plik\u00f3w cookies do cel\u00f3w marketingowych (ciasteczka marketingowe);<br><\/span><span style=\"font-weight: 400;\">8)&nbsp;<\/span><span style=\"font-weight: 400;\">w celach archiwizacji numer\u00f3w telefon\u00f3w, wiadomo\u015bci, e-maili, na podstawie realizacji prawnie uzasadnionego interesu Administratora, zwi\u0105zanego z ochron\u0105 przed roszczeniami;<br><\/span><span style=\"font-weight: 400;\">9)&nbsp;<\/span><span style=\"font-weight: 400;\">w celu analizy informacji anonimowych. To informacje gromadzone za po\u015brednictwem naszej Strony, takie jak: informacje o przegl\u0105darce, systemie operacyjnym, urz\u0105dzeniu, czasie sp\u0119dzonym na stronie, przej\u015bciach mi\u0119dzy stronami, klikni\u0119ciach w linki, przybli\u017cona lokalizacja, przedzia\u0142 wieku, p\u0142e\u0107.<br>Informacje te s\u0105 zanonimizowane, s\u0105 zbierane za po\u015brednictwem system\u00f3w reklamowych i analitycznych naszych partner\u00f3w. Nie pozwalaj\u0105 na identyfikacj\u0119 i<br>przypisanie ich do konkretnego u\u017cytkownika. Informacje te s\u0142u\u017c\u0105 nam do dzia\u0142a\u0144 marketingowych, analitycznych i statystycznych.<br><\/span><span style=\"font-weight: 400;\">Informacje te s\u0105 zanonimizowane, s\u0105 zbierane za po\u015brednictwem system\u00f3w reklamowych i analitycznych naszych partner\u00f3w. Nie pozwalaj\u0105 na identyfikacj\u0119 i<br><\/span><span style=\"font-weight: 400;\">przypisanie ich do konkretnego u\u017cytkownika. Informacje te s\u0142u\u017c\u0105 nam do dzia\u0142a\u0144 marketingowych, analitycznych i statystycznych.<\/span><\/p>\n<p><span style=\"font-weight: 400;\">2.&nbsp;<\/span><span style=\"font-weight: 400;\">Przetwarzamy Twoje dane w zakresie:<br><\/span><span style=\"font-weight: 400;\">1)&nbsp;<\/span><span style=\"font-weight: 400;\">je\u015bli prze\u015blesz nam wiadomo\u015b\u0107 drog\u0105 mailow\u0105, za po\u015brednictwem formularza, kana\u0142u Social Media lub przeka\u017cesz informacje drog\u0105 telefoniczn\u0105, to b\u0119dziemy przetwarza\u0107 dane, kt\u00f3re b\u0119d\u0105 w tej wiadomo\u015bci zawarte. Przekazanie nam danych w ten spos\u00f3b nast\u0119puje dobrowolnie. W ka\u017cdym czasie mo\u017cesz zwr\u00f3ci\u0107 si\u0119 do nas z pro\u015bb\u0105, o usuni\u0119cie tych danych;<br><\/span><span style=\"font-weight: 400;\">2)&nbsp;<\/span><span style=\"font-weight: 400;\">je\u015bli polubisz post, zostawisz komentarz, napiszesz, zareagujesz lub w inny spos\u00f3b do\u0142\u0105czysz do naszego profilu w mediach spo\u0142eczno\u015bciowych (np. Facebook,&nbsp;Instagram) b\u0119dziemy przetwarza\u0107 Twoje dane, kt\u00f3re poda\u0142e\u015b w danym medium i do kt\u00f3rych b\u0119dziemy mieli dost\u0119p. W celu zako\u0144czenia przetwarzania, mo\u017cesz zako\u0144czy\u0107 subskrypcj\u0119 naszego profilu;<br><\/span><span style=\"font-weight: 400;\">3)&nbsp;<\/span><span style=\"font-weight: 400;\">pozosta\u0142e dane, kt\u00f3re przetwarzamy to adres IP i inne dane zapisywane w plikach cookies.To Ty decydujesz, w jakim zakresie b\u0119dziemy mogli wykorzysta\u0107 pliki cookies z&nbsp;Twoimi danymi. Przekazanie nam danych w ten spos\u00f3b nast\u0119puje dobrowolnie. W ka\u017cdym czasie mo\u017cesz zmieni\u0107 swoje preferencje. Mo\u017cesz to zrobi\u0107 w swojej przegl\u0105darce internetowej lub te\u017c po usuni\u0119ciu zapisanych plik\u00f3w cookies pochodz\u0105cych z naszej Strony;<br><\/span><span style=\"font-weight: 400;\">4)&nbsp;<\/span><span style=\"font-weight: 400;\">korzystania&nbsp;z API (interfejs\u00f3w programistycznych aplikacji) dostarczanych przez&nbsp;zewn\u0119trznych partner\u00f3w w celu zintegrowania r\u00f3\u017cnych funkcjonalno\u015bci, takich jak mapy, us\u0142ugi analityczne, reklamowe czy media spo\u0142eczno\u015bciowe. Korzystanie z tych API mo\u017ce prowadzi\u0107 do tworzenia dodatkowych ciasteczek lub korzystania z&nbsp;istniej\u0105cych ciasteczek w celu przetwarzania danych u\u017cytkownik\u00f3w. Zewn\u0119trzni<br>partnerzy mog\u0105 przechowywa\u0107 i przetwarza\u0107 te dane zgodnie z w\u0142asnymi politykami&nbsp;prywatno\u015bci<\/span><span style=\"font-weight: 400;\"><br><\/span><b><strong><br><\/strong><\/b><b><strong>\u00a74&nbsp;<\/strong><\/b><b><strong>Na Stronie nie&nbsp;<\/strong><\/b><b><strong>dokonujemy automatycznego profilowania<\/strong><\/b><\/p>\n<p><span style=\"font-weight: 400;\">1.<\/span><span style=\"font-weight: 400;\">Na Stronie nie korzystamy z automatycznego profilowania, w celu tworzenia kampanii&nbsp;marketingowych w oparciu o mierzenie aktywno\u015bci u\u017cytkownika, dzi\u0119ki kt\u00f3remu&nbsp;byliby\u015bmy w stanie skierowa\u0107 wybrany przez nas materia\u0142 reklamowy do&nbsp;precyzyjnie wskazanego u\u017cytkownika.<br><\/span><span style=\"font-weight: 400;\">2.<\/span><span style=\"font-weight: 400;\">Cho\u0107 korzystamy z system\u00f3w reklamowych naszych partner\u00f3w (Facebook, Google) to&nbsp;informacje i dane, kt\u00f3re pozyskuj\u0105 na temat Twojej aktywno\u015bci na Stronie, na&nbsp;podstawie kt\u00f3rych mo\u017cemy tworzy\u0107 kampanie marketingowe, nie s\u0105 profilowaniem&nbsp;automatycznym, poniewa\u017c na ich podstawie nie jeste\u015bmy w stanie podj\u0105\u0107 decyzji w&nbsp;stosunku do Ciebie, jako do konkretnego u\u017cytkownika (np. pokazanie Ci&nbsp;konkretnej reklamy). Reklamy mo\u017cemy tworzy\u0107 wy\u0142\u0105cznie dla grup u\u017cytkownik\u00f3w, w&nbsp;oparciu o og\u00f3lne dane statystyczne dostarczone przez partner\u00f3w. Nie jeste\u015bmy w&nbsp;stanie sprawi\u0107, by na podstawie danych dotycz\u0105cych aktywno\u015bci, konkretny&nbsp;u\u017cytkownik zobaczy\u0142 wybran\u0105 przez nas reklam\u0119.<br><\/span><span style=\"font-weight: 400;\">3.&nbsp;<\/span><span style=\"font-weight: 400;\">Wi\u0119cej informacji o tym jak nasi partnerzy dokonuj\u0105 profilowania u\u017cytkownik\u00f3w i tworz\u0105&nbsp;grupy odbiorc\u00f3w znajdziesz w ich politykach prywatno\u015bci w paragrafie ni\u017cej.<br><\/span><span style=\"font-weight: 400;\"><br><\/span><b><strong>\u00a75&nbsp;<\/strong><\/b><b><strong>Odbiorcy danych oraz&nbsp;<\/strong><\/b><b><strong>zamiar przekazywania danych do Pa\u0144stwa spoza EOG lub organizacji&nbsp;<\/strong><\/b><b><strong>mi\u0119dzynarodowej<\/strong><\/b><\/p>\n<p><span style=\"font-weight: 400;\">1.W&nbsp;zale\u017cno\u015bci od celu w jakim przetwarzamy Twoje dane, odbiorcami Twoich danych&nbsp;osobowych mog\u0105 by\u0107:<br><\/span><span style=\"font-weight: 400;\">1)&nbsp;<\/span><span style=\"font-weight: 400;\">urz\u0119dy&nbsp;pa\u0144stwowe i inne instytucje publiczne, w zakresie, w jakim obowi\u0105zki&nbsp;przekazywania danych wynikaj\u0105 z przepis\u00f3w prawa obowi\u0105zuj\u0105cego na terytorium&nbsp;Rzeczypospolitej Polskiej, w celach zwi\u0105zanych z realizacj\u0105 obowi\u0105zk\u00f3w prawnych&nbsp;ci\u0105\u017c\u0105cych na administratorze, takich jak dochodzenie roszcze\u0144 prawnych,&nbsp;realizacja zobowi\u0105za\u0144 podatkowych oraz inne post\u0119powania regulowane przez odpowiednie przepisy prawa;<\/span><span style=\"font-weight: 400;\"><br><\/span><span style=\"font-weight: 400;\">2)&nbsp;<\/span><span style=\"font-weight: 400;\">dostawca&nbsp;oprogramowania Strony (hosting, serwer, domena);<br><\/span><span style=\"font-weight: 400;\">3)&nbsp;<\/span><span style=\"font-weight: 400;\">podmiot zajmuj\u0105cy si\u0119 obs\u0142ug\u0105 programistyczn\u0105&nbsp;Strony;<br><\/span><span style=\"font-weight: 400;\">4)&nbsp;<\/span><span style=\"font-weight: 400;\">podmiot zajmuj\u0105cy si\u0119 obs\u0142ug\u0105 marketingow\u0105&nbsp;Strony oraz obs\u0142ug\u0105 kana\u0142\u00f3w Social Media;<br><\/span><span style=\"font-weight: 400;\">5)&nbsp;<\/span><span style=\"font-weight: 400;\">dostawca&nbsp;oprogramowania do przechowywania danych i dokument\u00f3w w chmurze;<\/span><span style=\"font-weight: 400;\"><br><\/span><span style=\"font-weight: 400;\">6)&nbsp;<\/span><span style=\"font-weight: 400;\">dostawca oprogramowania do zarz\u0105dzania&nbsp;ciasteczkami i zakresem przetwarzanych danych;<br><\/span><span style=\"font-weight: 400;\">7)&nbsp;<\/span><span style=\"font-weight: 400;\">je\u015bli wyrazi\u0142e\u015b zgod\u0119 na ciasteczka&nbsp;marketingowe, Twoje dane zapisane w plikach cookies, b\u0119d\u0105 przekazane do naszych&nbsp;partner\u00f3w reklamowych (Facebook, Google);<\/span><span style=\"font-weight: 400;\"><br><\/span><span style=\"font-weight: 400;\">8)&nbsp;<\/span><span style=\"font-weight: 400;\">je\u015bli wyrazi\u0142e\u015b zgod\u0119 na ciasteczka&nbsp;analityczne, Twoje dane zapisane w plikach cookies, b\u0119d\u0105 przetwarzane przez&nbsp;podmiot dostarczaj\u0105cy oprogramowanie do analizy ruchu na naszej Stronie (np.<br>Google Analytics).<br><\/span><span style=\"font-weight: 400;\"><br><\/span><span style=\"font-weight: 400;\">2.<\/span><span style=\"font-weight: 400;\">Twoje dane nie s\u0105 przekazywane do Pa\u0144stw spoza EOG lub organizacji mi\u0119dzynarodowych,&nbsp;za wyj\u0105tkiem przypadk\u00f3w przetwarzania danych przez podmioty:<\/span><span style=\"font-weight: 400;\"><br><\/span><span style=\"font-weight: 400;\">1)&nbsp;<\/span><span style=\"font-weight: 400;\">Google Inc. z siedzib\u0105 w USA w zakresie analityki ruchu na stronie w systemie Google&nbsp;Analytics oraz dostarczania dodatkowych funkcji (takich jak Google Maps, Google&nbsp;Search Console) zwi\u0105zanych z prawid\u0142owym funkcjonowaniem Strony oraz&nbsp;wy\u015bwietlaniem wynik\u00f3w wyszukiwania.<br><\/span>2)&nbsp;Google&nbsp; Inc. z siedzib\u0105 w USA w zakresie reklam i mierzenia ich skuteczno\u015bci w systemie Google Ads.<br>3)&nbsp;Facebook&nbsp;Inc. z siedzib\u0105 w USA w zakresie obs\u0142ugi konta i dost\u0119pu do danych w serwisach&nbsp;spo\u0142eczno\u015bciowych (Facebook, Instagram), reklam i mierzenia ich skuteczno\u015bci zwi\u0105zanych z instalacj\u0105 na stronie piksela Facebooka oraz API Konwersji. <br>4)&nbsp;Google Inc. z siedzib\u0105 w USA w zakresie oprogramowania dysku wirtualnego s\u0142u\u017c\u0105cego do&nbsp;przechowywania dokumentacji firmowej (dokumentacja obs\u0142ugi procesu obs\u0142ugi&nbsp;klienta i kontrahenta oraz dokumentacja RODO).<br>5)&nbsp;Google Inc. z siedzib\u0105 w USA w zakresie obs\u0142ugi osadzonych na stronie film\u00f3w z&nbsp;przegl\u0105darki YouTube. Google zbiera dane dotycz\u0105ce Twoich preferencji, aktywno\u015bci zwi\u0105zanych z ogl\u0105daniem film\u00f3w, co mo\u017ce mie\u0107 wp\u0142yw na wy\u015bwietlane&nbsp;reklamy oraz kszta\u0142t Twoich playlist.<\/p>\n<p><b><strong>\u00a76&nbsp;<\/strong><\/b><b><strong>Termin przechowywania&nbsp;<\/strong><\/b><b><strong>danych<\/strong><\/b><\/p>\n<p><span style=\"font-weight: 400;\">1.&nbsp;<\/span><span style=\"font-weight: 400;\">Nie&nbsp;jeste\u015bmy w stanie okre\u015bli\u0107 jednego okresu, przez kt\u00f3ry b\u0119dziemy przetwarza\u0107&nbsp;Twoje dane.<br><\/span><span style=\"font-weight: 400;\">2.&nbsp;<\/span><span style=\"font-weight: 400;\">Je\u015bli&nbsp;przekaza\u0142e\u015b nam swoje dane w wiadomo\u015bci przes\u0142anej drog\u0105 mailow\u0105,&nbsp;telefonicznie, za po\u015brednictwem formularza lub za po\u015brednictwem medi\u00f3w<br>spo\u0142eczno\u015bciowych, na kt\u00f3rych mamy swoje firmowe profile, to Twoje dane&nbsp;b\u0119dziemy przetwarza\u0107 do momentu z\u0142o\u017cenia przez Ciebie \u017c\u0105dania usuni\u0119cia tych&nbsp;danych lub sprzeciwu wobec przetwarzania, ale r\u00f3wnie\u017c w przypadku, w kt\u00f3rym&nbsp;uznamy, \u017ce zrealizowali\u015bmy prawnie uzasadniony interes Administratora.<br><\/span><span style=\"font-weight: 400;\">spo\u0142eczno\u015bciowych, na kt\u00f3rych mamy swoje firmowe profile, to Twoje dane&nbsp;b\u0119dziemy przetwarza\u0107 do momentu z\u0142o\u017cenia przez Ciebie \u017c\u0105dania usuni\u0119cia tych&nbsp;danych lub sprzeciwu wobec przetwarzania, ale r\u00f3wnie\u017c w przypadku, w kt\u00f3rym&nbsp;uznamy, \u017ce zrealizowali\u015bmy prawnie uzasadniony interes Administratora.<\/span><\/p>\n<p><b><strong>\u00a77&nbsp;<\/strong><\/b><b><strong>Prawa u\u017cytkownik\u00f3w<\/strong><\/b><\/p>\n<p><span style=\"font-weight: 400;\">1.&nbsp;<\/span><span style=\"font-weight: 400;\">W zwi\u0105zku z przetwarzaniem Twoich danych przys\u0142uguj\u0105 Ci nast\u0119puj\u0105ce prawa:<br><\/span><span style=\"font-weight: 400;\">1)&nbsp;<\/span><span style=\"font-weight: 400;\">dost\u0119pu&nbsp;do tre\u015bci swoich danych oraz prawo ich sprostowania, usuni\u0119cia, ograniczenia&nbsp;przetwarzania;<\/span><span style=\"font-weight: 400;\"><br><\/span><span style=\"font-weight: 400;\">2)&nbsp;<\/span><span style=\"font-weight: 400;\">prawo&nbsp;do przenoszenia danych;<\/span><span style=\"font-weight: 400;\"><br><\/span><span style=\"font-weight: 400;\">3)&nbsp;<\/span><span style=\"font-weight: 400;\">prawo&nbsp;wniesienia sprzeciwu;<\/span><span style=\"font-weight: 400;\"><br><\/span><span style=\"font-weight: 400;\">4)&nbsp;<\/span><span style=\"font-weight: 400;\">prawo do cofni\u0119cia zgody na ich przetwarzanie w dowolnym momencie i w dowolnej&nbsp;formie, chyba \u017ce przetwarzanie danych odbywa si\u0119 w celu wykonywania umowy przez&nbsp;Administratora, w celu wywi\u0105zania si\u0119 przez Administratora z obowi\u0105zk\u00f3w&nbsp;prawnych wzgl\u0119dem instytucji pa\u0144stwowych lub w celu realizacji prawnie&nbsp;uzasadnionych interes\u00f3w Administratora.<br><\/span><span style=\"font-weight: 400;\"><br><\/span><span style=\"font-weight: 400;\">2.&nbsp;<\/span><span style=\"font-weight: 400;\">Masz tak\u017ce prawo wniesienia&nbsp;<\/span><span style=\"font-weight: 400;\">skargi do Prezesa Urz\u0119du Ochrony Danych Osobowych (na adres Urz\u0119du Ochrony&nbsp;<\/span><span style=\"font-weight: 400;\">Danych Osobowych, ul. Stawki 2, 00-193 Warszawa).<\/span><\/p>\n<p><span style=\"font-weight: 400;\">3.&nbsp;<\/span><span style=\"font-weight: 400;\">Wi\u0119cej informacji w&nbsp;<\/span><span style=\"font-weight: 400;\">przedmiocie ochrony danych osobowych, znajdziesz na stronie internetowej Urz\u0119du&nbsp;<\/span><span style=\"font-weight: 400;\">Ochrony Danych Osobowych:&nbsp;<\/span><a style=\"font-weight: 400;\" href=\"http:\/\/www.uodo.gov.pl\/\">www.uodo.gov.pl<\/a><span style=\"font-weight: 400;\">.&nbsp;<\/span><\/p>\t\t\t\t\t\t<\/div>\n\t\t\t\t<\/div>\n\t\t\t\t\t<\/div>\n\t\t\t\t<\/div>\n\t\t\t\t<\/div>\n\t\t","protected":false},"excerpt":{"rendered":"<p>POLITYKA PRYWATNO\u015aCI Niniejsza Polityka stanowi podstawow\u0105 informacj\u0119 o celach, sposobach przetwarzania oraz bezpiecze\u0144stwie Twoich danych osobowych, jako u\u017cytkownika strony: 5010studio.com (zwanej dalej Stron\u0105). Zapoznaj\u0105c si\u0119 z Polityk\u0105 prywatno\u015bci dowiesz si\u0119 kto jest administratorem Twoich danych osobowych, jakie dane osobowe s\u0105 przez Stron\u0119 zbierane, w jakich celach s\u0105 wykorzystywane oraz jak s\u0105 chronione. \u00a71&nbsp;Informacje&nbsp;podstawowe Administratorem Twoich &hellip; <\/p>\n<p class=\"link-more\"><a href=\"https:\/\/5010studio.com\/index.php\/privacy-policy-2\/\" class=\"more-link\">Read more<span class=\"screen-reader-text\"> &#8220;&#8221;<\/span><\/a><\/p>\n","protected":false},"author":1,"featured_media":0,"parent":0,"menu_order":0,"comment_status":"closed","ping_status":"closed","template":"elementor_theme","meta":{"footnotes":""},"class_list":["post-686","page","type-page","status-publish","hentry"],"_links":{"self":[{"href":"https:\/\/5010studio.com\/index.php\/wp-json\/wp\/v2\/pages\/686","targetHints":{"allow":["GET"]}}],"collection":[{"href":"https:\/\/5010studio.com\/index.php\/wp-json\/wp\/v2\/pages"}],"about":[{"href":"https:\/\/5010studio.com\/index.php\/wp-json\/wp\/v2\/types\/page"}],"author":[{"embeddable":true,"href":"https:\/\/5010studio.com\/index.php\/wp-json\/wp\/v2\/users\/1"}],"replies":[{"embeddable":true,"href":"https:\/\/5010studio.com\/index.php\/wp-json\/wp\/v2\/comments?post=686"}],"version-history":[{"count":21,"href":"https:\/\/5010studio.com\/index.php\/wp-json\/wp\/v2\/pages\/686\/revisions"}],"predecessor-version":[{"id":711,"href":"https:\/\/5010studio.com\/index.php\/wp-json\/wp\/v2\/pages\/686\/revisions\/711"}],"wp:attachment":[{"href":"https:\/\/5010studio.com\/index.php\/wp-json\/wp\/v2\/media?parent=686"}],"curies":[{"name":"wp","href":"https:\/\/api.w.org\/{rel}","templated":true}]}}